{"id":7751,"date":"2017-08-15T20:16:55","date_gmt":"2017-08-15T17:16:55","guid":{"rendered":"https:\/\/kulturism.ee\/protokollid\/"},"modified":"2020-11-15T14:54:33","modified_gmt":"2020-11-15T12:54:33","slug":"%d0%bf%d1%80%d0%be%d1%82%d0%be%d0%ba%d0%be%d0%bb%d1%8b","status":"publish","type":"page","link":"https:\/\/kulturism.ee\/ru\/%d0%bf%d1%80%d0%be%d1%82%d0%be%d0%ba%d0%be%d0%bb%d1%8b\/","title":{"rendered":"\u041f\u0440\u043e\u0442\u043e\u043a\u043e\u043b\u044b"},"content":{"rendered":"<h3>\u041f\u0420\u041e\u0422\u041e\u041a\u041e\u041b\u042b<\/h3>\n<p><strong>2020<\/strong><\/p>\n<p><a href=\"https:\/\/kulturism.ee\/wp-content\/uploads\/2020\/10\/2001010_EKFL_emv20.pdf\">Eesti meistriv\u00f5istlused kulturismis ja fitnessis 10.10 2020<\/a><\/p>\n<p><a href=\"https:\/\/kulturism.ee\/wp-content\/uploads\/2020\/10\/2001003_EKFL_LEkarikas20_Tulemus.pdf\">L\u00f5una-Eesti lahtised karikav\u00f5istlused kulturismis ja fitnessis 3.10 2020<\/a><\/p>\n<p><a href=\"https:\/\/kulturism.ee\/wp-content\/uploads\/2020\/10\/2001003_EKFL_EMVlastefitness_Tulemus.pdf\">Eesti meistriv\u00f5istlused lastefitnessis 3.10 2020<\/a><\/p>\n<p><a href=\"https:\/\/kulturism.ee\/wp-content\/uploads\/2020\/09\/20200926_ValioCUP_TULEM.pdf\">Profeel Cup edasij\u00f5udnute v\u00f5istlus 26.09 2020<\/a><\/p>\n<p><a href=\"https:\/\/kulturism.ee\/wp-content\/uploads\/2020\/09\/20200926_ValioCUP_algTULEM.pdf\">Profeel Cup algajate v\u00f5istlus 26.09 2020<\/a><\/p>\n<p><strong>2019<\/strong><\/p>\n<p><a href=\"https:\/\/kulturism.ee\/wp-content\/uploads\/2019\/11\/EMV2019-protokoll.pdf\">EMV kulturismis ja fitnessis, 2.11 2019<\/a><\/p>\n<p><a href=\"https:\/\/kulturism.ee\/wp-content\/uploads\/2019\/10\/Edasij\u00f5udnute-protokoll-Valio-Profeel-Cup.pdf\">Profeel Cup edasij\u00f5udnute v\u00f5istlus<\/a>, 28.09 2019<\/p>\n<p><a href=\"https:\/\/kulturism.ee\/wp-content\/uploads\/2019\/10\/Algajate-protokoll-Valio-Profeel-Cup.pdf\">Profeel Cup algajate v\u00f5istlus<\/a>, 28.09 2019<\/p>\n<p><a href=\"https:\/\/www.kulturism.ee\/wp-content\/uploads\/2019\/04\/20190406_SpaSportCUP2019_TULEMUS.pdf\">SPA&amp;SPORT CUP<\/a>, 6.04 2019<\/p>\n<p><a href=\"https:\/\/www.kulturism.ee\/wp-content\/uploads\/2019\/04\/20190427_EKFL_EestiKarikas2019PROTO.pdf\">34. EKV<\/a>, 27.04 2019<\/p>\n<p><strong>2018<\/strong><\/p>\n<p><a href=\"https:\/\/www.kulturism.ee\/wp-content\/uploads\/2018\/04\/20180414_SpaSportCUP_TULEMUSED.pdf\">SPA&amp;SPORT CUP<\/a>, 14.04 2018<\/p>\n<p><a href=\"https:\/\/www.kulturism.ee\/wp-content\/uploads\/2018\/11\/ekv_2018_protokoll.pdf\">34. EKV<\/a>, 21.04 2018<\/p>\n<p><a href=\"https:\/\/www.kulturism.ee\/wp-content\/uploads\/2018\/10\/emv_2018_protokoll.pdf\">50. EMV<\/a>, 13.10 2018<\/p>\n<p><strong>2017<\/strong><br \/>\n<a href=\"http:\/\/www.kulturism.ee\/lae-alla\/20\">SPA &amp; Sport CUP<\/a>, 1.04.2017<br \/>\n<a href=\"http:\/\/www.kulturism.ee\/lae-alla\/25\">33. EKV<\/a>, 29.04.2017<\/p>\n<p>&nbsp;<\/p>\n<p><strong>2016<\/strong><br \/>\n<a href=\"http:\/\/www.kulturism.ee\/lae-alla\/22\">32. EKV<\/a>, 30.04.2016<br \/>\n<a href=\"http:\/\/www.kulturism.ee\/lae-alla\/23\">Balti Mat\u0161<\/a>, 30.04.2016<br \/>\n<a href=\"http:\/\/www.kulturism.ee\/lae-alla\/21\">1. Tallinna lahtised meistriv\u00f5istlused<\/a>, 1.10.2016<br \/>\n<a href=\"http:\/\/www.kulturism.ee\/lae-alla\/24\">48. EMV<\/a>, 29.10.2016<\/p>\n","protected":false},"excerpt":{"rendered":"<p>\u041f\u0420\u041e\u0422\u041e\u041a\u041e\u041b\u042b 2020 Eesti meistriv\u00f5istlused kulturismis ja fitnessis 10.10 2020 L\u00f5una-Eesti lahtised karikav\u00f5istlused kulturismis ja fitnessis 3.10 2020 Eesti meistriv\u00f5istlused lastefitnessis&#8230;<\/p>\n","protected":false},"author":1,"featured_media":0,"parent":0,"menu_order":0,"comment_status":"closed","ping_status":"closed","template":"","meta":{"spay_email":"","footnotes":""},"class_list":["post-7751","page","type-page","status-publish","hentry"],"jetpack_sharing_enabled":true,"jetpack_shortlink":"https:\/\/wp.me\/PaA1NW-211","_links":{"self":[{"href":"https:\/\/kulturism.ee\/ru\/wp-json\/wp\/v2\/pages\/7751","targetHints":{"allow":["GET"]}}],"collection":[{"href":"https:\/\/kulturism.ee\/ru\/wp-json\/wp\/v2\/pages"}],"about":[{"href":"https:\/\/kulturism.ee\/ru\/wp-json\/wp\/v2\/types\/page"}],"author":[{"embeddable":true,"href":"https:\/\/kulturism.ee\/ru\/wp-json\/wp\/v2\/users\/1"}],"replies":[{"embeddable":true,"href":"https:\/\/kulturism.ee\/ru\/wp-json\/wp\/v2\/comments?post=7751"}],"version-history":[{"count":0,"href":"https:\/\/kulturism.ee\/ru\/wp-json\/wp\/v2\/pages\/7751\/revisions"}],"wp:attachment":[{"href":"https:\/\/kulturism.ee\/ru\/wp-json\/wp\/v2\/media?parent=7751"}],"curies":[{"name":"wp","href":"https:\/\/api.w.org\/{rel}","templated":true}]}}