{"id":7732,"date":"2017-07-17T16:15:21","date_gmt":"2017-07-17T13:15:21","guid":{"rendered":"https:\/\/kulturism.ee\/liikmed\/"},"modified":"2020-11-10T21:17:53","modified_gmt":"2020-11-10T19:17:53","slug":"%d0%ba%d0%bb%d1%83%d0%b1%d1%8b","status":"publish","type":"page","link":"https:\/\/kulturism.ee\/ru\/%d0%ba%d0%bb%d1%83%d0%b1%d1%8b\/","title":{"rendered":"\u041a\u043b\u0443\u0431\u044b"},"content":{"rendered":"<p>[vc_row][vc_column width=&#187;1\/3&#8243;][vc_column_text]<\/p>\n<h3 style=\"text-align: center;\"><a href=\"http:\/\/www.arigato.ee\/\"><strong>Arigato Spordiklubi<\/strong><\/a><\/h3>\n<p>[\/vc_column_text][\/vc_column][vc_column width=&#187;1\/3&#8243;][vc_column_text]<\/p>\n<h3 style=\"text-align: center;\"><strong><a href=\"http:\/\/www.audentes.ee\/spordiklubi\">Audentese Spordiklubi<\/a><\/strong><\/h3>\n<p>[\/vc_column_text][\/vc_column][vc_column width=&#187;1\/3&#8243;][vc_column_text]<\/p>\n<h3 style=\"text-align: center;\"><a href=\"http:\/\/www.goldenclub.ee\"><strong>Golden\u00a0Club<\/strong><\/a><\/h3>\n<p>[\/vc_column_text][\/vc_column][\/vc_row][vc_row][vc_column width=&#187;1\/3&#8243;][vc_column_text]<\/p>\n<p style=\"text-align: center;\">MT\u00dc Arigato Spordiklubi (registrikood 80346712),<br \/>\nRannam\u00f5isa tee 3, Tallinn 13516<\/p>\n<p style=\"text-align: center;\">telefon: 658 0888<br \/>\ne-post: arigato@arigato.ee<br \/>\nv\u00f5istlejatele: egert@vormiloojad.ee[\/vc_column_text][vc_column_text][\/vc_column_text][\/vc_column][vc_column width=&#187;1\/3&#8243;][vc_column_text]<\/p>\n<p style=\"text-align: center;\">Audentese Spordiklubi MT\u00dc (registrikood: 80132187),<br \/>\nTondi 84\/2, Tallinn 11316<\/p>\n<p style=\"text-align: center;\">telefon: 699 6699<br \/>\ne-post: spordiklubi@audentes.ee<\/p>\n<p>[\/vc_column_text][\/vc_column][vc_column width=&#187;1\/3&#8243;][vc_column_text]<\/p>\n<p style=\"text-align: center;\">O\u00dc Tondi Tennisekeskus\u00a0(registrikood 11239840),<br \/>\nS\u00f5jakooli 10, Tallinn 11316<\/p>\n<p style=\"text-align: center;\">telefon: 6571410<br \/>\ne-post: fitness@goldenclub.ee[\/vc_column_text][\/vc_column][\/vc_row][vc_row][vc_column width=&#187;1\/3&#8243;][vc_column_text]<\/p>\n<h3 style=\"text-align: center;\"><strong><a href=\"http:\/\/www.gymeesti.ee\">Gym!<\/a><\/strong><\/h3>\n<p>[\/vc_column_text][vc_column_text]<\/p>\n<p style=\"text-align: center;\">Gym Eesti O\u00dc (registrikood 14304459)<\/p>\n<p style=\"text-align: center;\">Haabersti 5, 13516, Tallinn<\/p>\n<p style=\"text-align: center;\">telefon: +37256903002<\/p>\n<p style=\"text-align: center;\">e-mail: info@gymeesti.ee<\/p>\n<p style=\"text-align: center;\">v\u00f5istlejad:\u00a0andra.tseiko@gmail.com<\/p>\n<p>&nbsp;<\/p>\n<p>[\/vc_column_text][\/vc_column][vc_column width=&#187;1\/3&#8243;][vc_column_text]<\/p>\n<h3 style=\"text-align: center;\"><strong><a href=\"https:\/\/www.impuls.ee\/\">Impuls Eesti<\/a><\/strong><\/h3>\n<p>[\/vc_column_text][vc_column_text]<\/p>\n<p style=\"text-align: center;\">Impuls EE O\u00dc (registrikood 10863512),<br \/>\nEhitajate tee 114b, Tallinn 13517<\/p>\n<p style=\"text-align: center;\">telefon: 651 2400<br \/>\ne-post: info@impuls.ee<\/p>\n<p style=\"text-align: center;\">v\u00f5istlejate koordinaator: janika.aavamagi@gmail.com<\/p>\n<p>[\/vc_column_text][\/vc_column][vc_column width=&#187;1\/3&#8243;][vc_column_text]<\/p>\n<h3 style=\"text-align: center;\"><strong>Kimberi Klubi<\/strong><\/h3>\n<p>[\/vc_column_text][vc_column_text]<\/p>\n<p style=\"text-align: center;\">MT\u00dc Spordiklubi Ringi (registrikood 80138830)<\/p>\n<p style=\"text-align: center;\">Ringi 5, P\u00e4rnu<\/p>\n<p style=\"text-align: center;\">telefon: (+372) 51970838)<\/p>\n<p style=\"text-align: center;\">e-post: ain.kimber@gmail.com<\/p>\n<p>[\/vc_column_text][vc_column_text]<\/p>\n<h3 style=\"text-align: center;\"><\/h3>\n<p>[\/vc_column_text][\/vc_column][\/vc_row][vc_row][vc_column width=&#187;1\/3&#8243;][vc_column_text]<\/p>\n<h3 style=\"text-align: center;\"><a href=\"http:\/\/www.hcgym.eu\/\"><strong>HC Gym<\/strong><\/a><\/h3>\n<p>[\/vc_column_text][vc_column_text]<\/p>\n<p style=\"text-align: center;\">MT\u00dc Bonsuna HC GYM (registrikood 80348763),<br \/>\nLinnam\u00e4e tee 91, Tallinn 13911<\/p>\n<p style=\"text-align: center;\">telefon: 5188 308<br \/>\ne-post: info@hcgym.eu<\/p>\n<p style=\"text-align: center;\">v\u00f5istlejate koordinaator:\u00a0stallinna82@mail.ru<\/p>\n<p>[\/vc_column_text][\/vc_column][vc_column width=&#187;1\/3&#8243;][vc_column_text]<\/p>\n<h3 style=\"text-align: center;\"><a href=\"http:\/\/kristinakorolyak.ee\/\"><strong>Kristina Koroljak spordiklubi<\/strong><\/a><\/h3>\n<p>[\/vc_column_text][vc_column_text]<\/p>\n<p style=\"text-align: center;\">Kristina Koroljak spordiklubi MT\u00dc (registrikood 80399329)<\/p>\n<p style=\"text-align: center;\">Linnam\u00e4e tee 91, 13911, Tallinn<\/p>\n<p style=\"text-align: center;\">telefon: 5819 2500<\/p>\n<p style=\"text-align: center;\">e-post: kristina.koroljak@gmail.com<\/p>\n<p>[\/vc_column_text][\/vc_column][vc_column width=&#187;1\/3&#8243;][vc_column_text]<\/p>\n<h3 style=\"text-align: center;\"><strong>L\u00e4\u00e4ne-Virumaa Kalev SK<\/strong><\/h3>\n<p>[\/vc_column_text][vc_column_text][\/vc_column_text][vc_column_text]<\/p>\n<p style=\"text-align: center;\">Spordiklubi L\u00e4\u00e4ne-Virumaa Kalev MT\u00dc (reg. kood 80361456)<\/p>\n<p style=\"text-align: center;\">Vabaduse tn 4, Rakvere<\/p>\n<p style=\"text-align: center;\">telefon: 5037319<\/p>\n<p style=\"text-align: center;\">e-post: raudsepponnela@gmail.com<\/p>\n<p style=\"text-align: center;\">[\/vc_column_text][\/vc_column][\/vc_row][vc_row][vc_column width=&#187;1\/3&#8243;][vc_column_text]<\/p>\n<h3 style=\"text-align: center;\"><strong><a href=\"https:\/\/www.facebook.com\/Mixfit.eu\/\">MixFit Spordiklubi<\/a><\/strong><\/h3>\n<p>[\/vc_column_text][\/vc_column][vc_column width=&#187;1\/3&#8243;][vc_column_text]<\/p>\n<h3 style=\"text-align: center;\"><a href=\"http:\/\/www.myfitness.ee\/\"><strong>MyFitness<\/strong><\/a><\/h3>\n<p>[\/vc_column_text][\/vc_column][vc_column width=&#187;1\/3&#8243;][vc_column_text]<\/p>\n<h3 style=\"text-align: center;\"><strong><a href=\"http:\/\/www.happydancers.ee\/\">SHD Spordiklubi<\/a><\/strong><\/h3>\n<p>[\/vc_column_text][\/vc_column][\/vc_row][vc_row][vc_column width=&#187;1\/3&#8243;][vc_column_text]<\/p>\n<p style=\"text-align: center;\">MIXFIT PLANET MT\u00dc<br \/>\nReg.nr. 80548999<br \/>\n\u00d5ism\u00e4e tee 1-43 Tallinn Harjumaa 13514<\/p>\n<p style=\"text-align: center;\">e-post: Mixfit.eu@gmail.com<\/p>\n<p>[\/vc_column_text][\/vc_column][vc_column width=&#187;1\/3&#8243;][vc_column_text]<\/p>\n<div class=\"wpb_text_column wpb_content_element \">\n<div class=\"wpb_wrapper\">\n<p style=\"text-align: center;\">My Fitness AS (registrikood 11273563),<br \/>\nHaabersti 5, Tallinn 13516<\/p>\n<p style=\"text-align: center;\">e-post: myfitness@myfitness.ee<\/p>\n<p style=\"text-align: center;\">v\u00f5istlejate koordinaator: kadri.paat@myfitness.ee<\/p>\n<\/div>\n<\/div>\n<p>[\/vc_column_text][\/vc_column][vc_column width=&#187;1\/3&#8243;][vc_column_text]<\/p>\n<p style=\"text-align: center;\">Studio Happy Dancers MT\u00dc (registrikood 80384730),<br \/>\nLootsi-P\u00f5ik 8-1, P\u00e4rnu 80012<\/p>\n<p style=\"text-align: center;\">telefon: 57501360<br \/>\ne-post: info@happydancers.ee[\/vc_column_text][\/vc_column][\/vc_row][vc_row][vc_column width=&#187;1\/3&#8243;][vc_column_text]<\/p>\n<h3 style=\"text-align: center;\"><a href=\"http:\/\/www.sisekaitse.ee\/ska\/akadeemiast\/spordikeskus\/spordiklubi\/\"><strong>Sisekaitseakadeemia Spordiklubi<\/strong><\/a><\/h3>\n<p>[\/vc_column_text][vc_column_text]<\/p>\n<p style=\"text-align: center;\">Sisekaitseakadeemia Spordiklubi MT\u00dc<\/p>\n<p style=\"text-align: center;\">(registrikood 80212934),<br \/>\nKase 61, Tallinn 12012<\/p>\n<p style=\"text-align: center;\">telefon: 511 1286<br \/>\ne-post: epp.jalakas@sisekaitse.ee[\/vc_column_text][\/vc_column][vc_column width=&#187;1\/3&#8243;][vc_column_text]<\/p>\n<h3 style=\"text-align: center;\"><a href=\"http:\/\/www.sirisgym.ee\"><strong>Siris Gym<\/strong><\/a><\/h3>\n<p>[\/vc_column_text][vc_column_text]<\/p>\n<p style=\"text-align: center;\">Siris Gym O\u00dc<\/p>\n<p style=\"text-align: center;\">(registrikood 14825690)<\/p>\n<p style=\"text-align: center;\">Malm\u00f6 23-41, P\u00e4rnu<\/p>\n<p style=\"text-align: center;\">telefon: 55534911<\/p>\n<p style=\"text-align: center;\">e-post: info@sirisgym.ee<\/p>\n<p>&nbsp;<\/p>\n<p>[\/vc_column_text][\/vc_column][vc_column width=&#187;1\/3&#8243;][vc_column_text]<\/p>\n<h3 style=\"text-align: center;\"><a href=\"http:\/\/sparta.ee\"><strong>Sparta Spordiklubi<\/strong><\/a><\/h3>\n<p>[\/vc_column_text][vc_column_text]<\/p>\n<p style=\"text-align: center;\">Sparta Spordiselts MT\u00dc<\/p>\n<p style=\"text-align: center;\">(registrikood 80272741),<br \/>\nP\u00e4rnu mnt 139c, Tallinn 11317<\/p>\n<p style=\"text-align: center;\">telefon: 5073 130<br \/>\ne-post: mart@sparta.ee<br \/>\nv\u00f5istlejate koordinaator:\u00a0<a title=\"raigo@sparta.ee\">raigo@sparta.ee<\/a>[\/vc_column_text][\/vc_column][\/vc_row][vc_row][vc_column width=&#187;1\/3&#8243;][vc_column_text]<\/p>\n<h3 style=\"text-align: center;\"><a href=\"http:\/\/www.tallinkcity.ee\/\"><strong>Tallink Fitness<\/strong><\/a><\/h3>\n<p>[\/vc_column_text][vc_column_text]<\/p>\n<p style=\"text-align: center;\">O\u00dc Lasnam\u00e4e Spordikeskus (registrikood 14083277),<br \/>\nPunane 76, Tallinn 13619<\/p>\n<p style=\"text-align: center;\">telefon: 5830 5223<br \/>\ne-post: fitness@tallink.ee<\/p>\n<p style=\"text-align: center;\">v\u00f5istlejate koordinaator: ivar.mikk@tallink.ee<\/p>\n<p>[\/vc_column_text][\/vc_column][vc_column width=&#187;1\/3&#8243;][vc_column_text]<\/p>\n<h3 style=\"text-align: center;\"><a href=\"http:\/\/www.tysk.ee\/\"><strong>\u00a0Tartu \u00dclikooli Akadeemiline Spordiklubi<\/strong><\/a><\/h3>\n<p>[\/vc_column_text][vc_column_text]<\/p>\n<p style=\"text-align: center;\">MT\u00dc Tartu \u00dclikooli Akadeemiline Spordiklubi (registrikood 80072321 ),<br \/>\nUjula\u00a04, Tartu 51008<\/p>\n<p style=\"text-align: center;\">telefon: 737 6288<br \/>\ne-post: sport@ut.ee;<\/p>\n<p style=\"text-align: center;\">v\u00f5istlejate koordinaator: esta.pilt@ut.ee<\/p>\n<p>[\/vc_column_text][\/vc_column][vc_column width=&#187;1\/3&#8243;][vc_column_text]<\/p>\n<h3 style=\"text-align: center;\"><strong><a href=\"http:\/\/www.facebook.com\/tiimgofit\">Tiim Go Fit<\/a><\/strong><\/h3>\n<p>[\/vc_column_text][vc_column_text]<\/p>\n<div class=\"wpb_text_column wpb_content_element \">\n<div class=\"wpb_wrapper\">\n<p style=\"text-align: center;\">MT\u00dc Kulturismi ja Fitnessi Klubi Tiim Go Fit (registrikood\u00a0 80572213),<br \/>\nMai 34-162 P\u00e4rnu, 80045<\/p>\n<p style=\"text-align: center;\">telefon:\u00a0+372 55 300 65<br \/>\nramillipp@hotmail.com<\/p>\n<\/div>\n<\/div>\n<p>[\/vc_column_text][\/vc_column][\/vc_row][vc_row][vc_column width=&#187;1\/3&#8243;][vc_column_text]<\/p>\n<h3 style=\"text-align: center;\"><a href=\"http:\/\/www.viafitness.ee\/\"><strong>Via Fitness<\/strong><\/a><\/h3>\n<p>[\/vc_column_text][\/vc_column][vc_column width=&#187;1\/3&#8243;][\/vc_column][vc_column width=&#187;1\/3&#8243;][\/vc_column][\/vc_row][vc_row][vc_column width=&#187;1\/3&#8243;][vc_column_text]<\/p>\n<p style=\"text-align: center;\">Laagri Terviseklubi MT\u00dc (registrikood 80320486),<br \/>\nVeskitammi tee 22, Laagri, Saue vald, Harjumaa 46401<\/p>\n<p style=\"text-align: center;\">telefon: 5300 5319<br \/>\ne-post: info@viafitness.ee[\/vc_column_text][\/vc_column][vc_column width=&#187;1\/3&#8243;][\/vc_column][vc_column width=&#187;1\/3&#8243;][\/vc_column][\/vc_row][vc_row][vc_column width=&#187;1\/3&#8243;][\/vc_column][vc_column width=&#187;1\/3&#8243;][\/vc_column][vc_column width=&#187;1\/3&#8243;][\/vc_column][\/vc_row][vc_row][vc_column width=&#187;1\/6&#8243;][vc_single_image image=&#187;6448&#8243; img_size=&#187;full&#187;][\/vc_column][vc_column width=&#187;1\/6&#8243;][vc_single_image image=&#187;6406&#8243;][\/vc_column][vc_column width=&#187;1\/6&#8243;][vc_single_image image=&#187;6409&#8243;][\/vc_column][vc_column width=&#187;1\/6&#8243;][vc_single_image image=&#187;6668&#8243; img_size=&#187;full&#187;][\/vc_column][vc_column width=&#187;1\/6&#8243;][vc_single_image image=&#187;6426&#8243;][\/vc_column][vc_column width=&#187;1\/6&#8243;][vc_single_image image=&#187;6427&#8243;][\/vc_column][\/vc_row][vc_row][vc_column width=&#187;1\/6&#8243;][vc_single_image image=&#187;6415&#8243;][\/vc_column][vc_column width=&#187;1\/6&#8243;][\/vc_column][vc_column width=&#187;1\/6&#8243;][vc_single_image image=&#187;4401&#8243; img_size=&#187;full&#187;][\/vc_column][vc_column width=&#187;1\/6&#8243;][vc_single_image image=&#187;6428&#8243; img_size=&#187;full&#187;][\/vc_column][vc_column width=&#187;1\/6&#8243;][vc_single_image image=&#187;6422&#8243; img_size=&#187;full&#187;][\/vc_column][vc_column width=&#187;1\/6&#8243;][vc_single_image image=&#187;6407&#8243; img_size=&#187;full&#187;][\/vc_column][\/vc_row][vc_row][vc_column width=&#187;1\/6&#8243;][vc_single_image image=&#187;6413&#8243; img_size=&#187;full&#187;][\/vc_column][vc_column width=&#187;1\/6&#8243;][vc_single_image image=&#187;6472&#8243; img_size=&#187;full&#187;][\/vc_column][vc_column width=&#187;1\/6&#8243;][vc_single_image image=&#187;6425&#8243; img_size=&#187;full&#187;][\/vc_column][vc_column width=&#187;1\/6&#8243;][vc_single_image image=&#187;6410&#8243; img_size=&#187;full&#187;][\/vc_column][vc_column width=&#187;1\/6&#8243;][vc_single_image image=&#187;6429&#8243; img_size=&#187;full&#187;][\/vc_column][vc_column width=&#187;1\/6&#8243;][\/vc_column][\/vc_row][vc_row][vc_column][vc_column_text]<\/p>\n<h3 style=\"text-align: center;\">\u041f\u0430\u0440\u0442\u043d\u0435\u0440\u044b \u042d\u0441\u0442\u043e\u043d\u0441\u043a\u043e\u0439 \u0430\u0441\u0441\u043e\u0446\u0438\u0430\u0446\u0438\u0438 \u0431\u043e\u0434\u0438\u0431\u0438\u043b\u0434\u0438\u043d\u0433\u0430 \u0438 \u0444\u0438\u0442\u043d\u0435\u0441\u0430<\/h3>\n<p>[\/vc_column_text][\/vc_column][\/vc_row][vc_row][vc_column width=&#187;1\/6&#8243;][vc_single_image image=&#187;6419&#8243; img_size=&#187;full&#187;][\/vc_column][vc_column width=&#187;1\/6&#8243;][vc_single_image image=&#187;6442&#8243; img_size=&#187;full&#187;][\/vc_column][vc_column width=&#187;1\/6&#8243;][vc_single_image image=&#187;6443&#8243; img_size=&#187;full&#187;][\/vc_column][vc_column width=&#187;1\/6&#8243;][vc_single_image image=&#187;6444&#8243; img_size=&#187;full&#187;][\/vc_column][vc_column width=&#187;1\/6&#8243;][vc_single_image image=&#187;6445&#8243; img_size=&#187;full&#187;][\/vc_column][vc_column width=&#187;1\/6&#8243;][vc_single_image image=&#187;6420&#8243; img_size=&#187;full&#187;][\/vc_column][\/vc_row][vc_row][vc_column][\/vc_column][\/vc_row][vc_row][vc_column][\/vc_column][\/vc_row][vc_row][vc_column][\/vc_column][\/vc_row]<\/p>\n","protected":false},"excerpt":{"rendered":"<p>[vc_row][vc_column width=&#187;1\/3&#8243;][vc_column_text] Arigato Spordiklubi [\/vc_column_text][\/vc_column][vc_column width=&#187;1\/3&#8243;][vc_column_text] Audentese Spordiklubi [\/vc_column_text][\/vc_column][vc_column width=&#187;1\/3&#8243;][vc_column_text] Golden\u00a0Club [\/vc_column_text][\/vc_column][\/vc_row][vc_row][vc_column width=&#187;1\/3&#8243;][vc_column_text] MT\u00dc Arigato Spordiklubi (registrikood 80346712), Rannam\u00f5isa tee&#8230;<\/p>\n","protected":false},"author":1,"featured_media":0,"parent":0,"menu_order":0,"comment_status":"closed","ping_status":"closed","template":"","meta":{"spay_email":"","footnotes":""},"class_list":["post-7732","page","type-page","status-publish","hentry"],"jetpack_sharing_enabled":true,"jetpack_shortlink":"https:\/\/wp.me\/PaA1NW-20I","_links":{"self":[{"href":"https:\/\/kulturism.ee\/ru\/wp-json\/wp\/v2\/pages\/7732","targetHints":{"allow":["GET"]}}],"collection":[{"href":"https:\/\/kulturism.ee\/ru\/wp-json\/wp\/v2\/pages"}],"about":[{"href":"https:\/\/kulturism.ee\/ru\/wp-json\/wp\/v2\/types\/page"}],"author":[{"embeddable":true,"href":"https:\/\/kulturism.ee\/ru\/wp-json\/wp\/v2\/users\/1"}],"replies":[{"embeddable":true,"href":"https:\/\/kulturism.ee\/ru\/wp-json\/wp\/v2\/comments?post=7732"}],"version-history":[{"count":0,"href":"https:\/\/kulturism.ee\/ru\/wp-json\/wp\/v2\/pages\/7732\/revisions"}],"wp:attachment":[{"href":"https:\/\/kulturism.ee\/ru\/wp-json\/wp\/v2\/media?parent=7732"}],"curies":[{"name":"wp","href":"https:\/\/api.w.org\/{rel}","templated":true}]}}